{"id":16072,"date":"2021-11-23T14:27:59","date_gmt":"2021-11-23T14:27:59","guid":{"rendered":"https:\/\/elsanek.com\/legal-disclaimer\/"},"modified":"2022-06-30T08:14:28","modified_gmt":"2022-06-30T08:14:28","slug":"legal-disclaimer","status":"publish","type":"page","link":"https:\/\/elsanek.com\/en\/legal-disclaimer\/","title":{"rendered":"Legal Disclaimer"},"content":{"rendered":"<p><strong>General Information<\/strong><\/p>\n<p>The owner of the website \u00a0WWW.JONELSL.COM is JONEL, S.L., holder of tax ID number B63472245 and with registered offices at \u00a0C\/ Ind\u00fastria, 9-11, 08516 Olost de Llu\u00e7an\u00e8s, (Barcelona). The firm is entered in the commercial registry with the following details: COMPANY ENTERED IN THE COMMERCIAL REGISTRY OF BARCELONA UNDER VOLUME 36476, FOLIO 40, SHEET B-290761.<\/p>\n<p>In order to ensure that use of the website complies with criteria of transparency, clarity and simplicity, JONEL, S.L. informs the user that any suggestions, questions or concerns about this Legal Disclaimer or any other information document on the website shall be received and resolved by contacting JONEL, S.L.,\u00a0 at the email address: info@jonelsl.com.<\/p>\n<p><strong>Intellectual Property<\/strong><\/p>\n<p>All content displayed on this website, and especially designs, texts, images, logos, icons, trade names, trademarks or any other information subject to industrial and\/or commercial use are protected by the relevant copyright, with any reproduction, transfer or registration\u00a0 of information being strictly prohibited unless there is prior authorisation from the owner, JONEL, S.L.. However, the user may use information provided to manage their order and relevant contact details.<\/p>\n<p><strong>Links<\/strong><\/p>\n<p>JONEL, S.L. disclaims all liability for links to other websites or pages which, where appropriate, may be included in its own website, as it has no control over them. Therefore, the user accesses said content at their own risk and under the terms and conditions of use governing it.<\/p>\n","protected":false},"excerpt":{"rendered":"<p>General Information The owner of the website \u00a0WWW.JONELSL.COM is JONEL, S.L., holder of tax ID number B63472245 and with registered<\/p>\n","protected":false},"author":1,"featured_media":0,"parent":0,"menu_order":0,"comment_status":"closed","ping_status":"closed","template":"","meta":{"footnotes":""},"class_list":["post-16072","page","type-page","status-publish","hentry"],"_links":{"self":[{"href":"https:\/\/elsanek.com\/en\/wp-json\/wp\/v2\/pages\/16072","targetHints":{"allow":["GET"]}}],"collection":[{"href":"https:\/\/elsanek.com\/en\/wp-json\/wp\/v2\/pages"}],"about":[{"href":"https:\/\/elsanek.com\/en\/wp-json\/wp\/v2\/types\/page"}],"author":[{"embeddable":true,"href":"https:\/\/elsanek.com\/en\/wp-json\/wp\/v2\/users\/1"}],"replies":[{"embeddable":true,"href":"https:\/\/elsanek.com\/en\/wp-json\/wp\/v2\/comments?post=16072"}],"version-history":[{"count":2,"href":"https:\/\/elsanek.com\/en\/wp-json\/wp\/v2\/pages\/16072\/revisions"}],"predecessor-version":[{"id":16317,"href":"https:\/\/elsanek.com\/en\/wp-json\/wp\/v2\/pages\/16072\/revisions\/16317"}],"wp:attachment":[{"href":"https:\/\/elsanek.com\/en\/wp-json\/wp\/v2\/media?parent=16072"}],"curies":[{"name":"wp","href":"https:\/\/api.w.org\/{rel}","templated":true}]}}